{"id":46,"date":"2024-01-16T14:41:36","date_gmt":"2024-01-16T13:41:36","guid":{"rendered":"https:\/\/fomea.fr\/?page_id=46"},"modified":"2024-05-22T06:32:43","modified_gmt":"2024-05-22T04:32:43","slug":"deuxieme-edition","status":"publish","type":"page","link":"https:\/\/fomea.fr\/?page_id=46","title":{"rendered":"2024"},"content":{"rendered":"\n<div class=\"wp-block-cover alignfull\" style=\"margin-top:0;padding-top:6vw;padding-right:6vw;padding-bottom:6vw;padding-left:6vw\"><span aria-hidden=\"true\" class=\"wp-block-cover__background has-palette-color-5-background-color has-background-dim-100 has-background-dim\"><\/span><div class=\"wp-block-cover__inner-container is-layout-flow wp-block-cover-is-layout-flow\">\n<div class=\"wp-block-group is-content-justification-center is-layout-flex wp-container-core-group-layout-4 wp-block-group-is-layout-flex\">\n<div class=\"wp-block-group alignwide wp-container-content-2 is-layout-constrained wp-container-core-group-layout-1 wp-block-group-is-layout-constrained\">\n<h2 class=\"wp-block-heading alignwide has-text-align-left has-contrast-color has-text-color\" style=\"font-size:clamp(50.171px, 3.136rem + ((1vw - 3.2px) * 3.893), 100px);font-style:normal;font-weight:500;line-height:0.9;text-transform:none\">Appel \u00e0 contribution<\/h2>\n\n\n\n<div style=\"height:24px\" aria-hidden=\"true\" class=\"wp-block-spacer\"><\/div>\n\n\n\n<p class=\"has-palette-color-2-color has-text-color has-link-color wp-elements-7735e7de6b7023e96ea7b92c40e70cf7\">Le Forum mondial des \u00e9conomies de l\u2019art (Fom\u00e9A) a \u00e9t\u00e9 cr\u00e9\u00e9 par la Biennale de Paris en 2018 pour souligner la d\u00e9pendance entre l\u2019art et l\u2019\u00e9conomie et les enjeux de leur relation.<br><br>L\u2019\u00e9dition 2024 du Forum mondial des \u00e9conomies de l\u2019art (Fom\u00e9A) se d\u00e9roule du 28 au 29 octobre 2024 \u00e0 Paris.<br><br>Fom\u00e9A rassemble des artistes et autres professionnels de l\u2019art, des sp\u00e9cialistes de l\u2019\u00e9conomie et des acteurs de la transformation sociale autour de plusieurs axes qui seront abord\u00e9s lors de conf\u00e9rences, tables rondes, ateliers, incubateurs et laboratoires.<br><br>Le forum fait valoir l\u2019id\u00e9e selon laquelle l\u2019\u00e9conomie de l\u2019art ne se limite pas au syst\u00e8me triangulaire actuel, march\u00e9 de l\u2019art, m\u00e9c\u00e9nat et subventions.<\/p>\n\n\n\n<p class=\"has-palette-color-2-color has-text-color has-link-color wp-elements-6f4a747e63e05dcb0515993b227b8dce\"><br><strong>Objectifs<\/strong><br>&#8211; Faire conna\u00eetre des \u00e9conomies alternatives au march\u00e9 de l\u2019art ;<br>&#8211; Permettre aux artistes sortant des cadres \u00e9tablis de l&rsquo;art, de cr\u00e9er leurs mod\u00e8les \u00e9conomiques ;<br>&#8211; Soutenir toute ce qui remet en question l\u2019h\u00e9g\u00e9monie du syst\u00e8me \u00e9conomique triangulaire de l\u2019art, march\u00e9 de l\u2019art, m\u00e9c\u00e9nat, subventions ;<br>&#8211; Promouvoir des \u00e9conomies innovantes dans le secteur de l\u2019art et de la culture ;<br>&#8211; Permettre des synergies et des connexions ;<br>&#8211; G\u00e9n\u00e9rer des mod\u00e8les \u00e9conomiques artistiques inclusifs.<\/p>\n\n\n\n<p class=\"has-palette-color-2-color has-text-color has-link-color wp-elements-a448eb8ff3d84fd5b4079687f6eb653d\"><br><strong>Participants<\/strong><br>Des artistes et autres professionnels de l&rsquo;art, des sp\u00e9cialistes de l\u2019\u00e9conomie et des acteurs de la transformation soci\u00e9tale dans un sens plus large. Des groupes, r\u00e9seaux, f\u00e9d\u00e9rations, syndicats, institutions.<\/p>\n\n\n\n<p class=\"has-palette-color-2-color has-text-color has-link-color wp-elements-5d0bf37d595bc01f46e3372de88a3ce7\"><br><strong>Organisation<\/strong><br>Fom\u00e9A est organis\u00e9 autour de plusieurs axes qui seront abord\u00e9s lors de conf\u00e9rences, tables rondes, ateliers, incubateurs et laboratoires.<\/p>\n\n\n\n<p class=\"has-palette-color-2-color has-text-color has-link-color wp-elements-43e61569b6e490cef574c16814a91dc5\"><br><strong>Axes<\/strong><br><\/p>\n\n\n\n<p class=\"has-palette-color-2-color has-text-color has-link-color wp-elements-2012873f666242f98188350fa2973415\">&#8211; <strong>Prise de conscience de l\u2019influence de l\u2019\u00e9conomie sur l\u2019art<\/strong><br>Cet axe est consacr\u00e9 \u00e0 des analyses visant \u00e0 comprendre l\u2019influence de l\u2019\u00e9conomie sur les pratiques artistiques et sur la d\u00e9finition m\u00eame de l\u2019art.<br><\/p>\n\n\n\n<p class=\"has-palette-color-2-color has-text-color has-link-color wp-elements-4c077fda76e6084f9ed2ac365b4927e7\">&#8211; <strong>Critique du syst\u00e8me \u00e9conomique existant<\/strong><br>Cet axe regroupe des contributions visant \u00e0 critiquer le syst\u00e8me \u00e9conomique existant et son fonctionnement, compos\u00e9 de trois mod\u00e8les dominants : le march\u00e9 de l\u2019art, le m\u00e9c\u00e9nat et les subventions.<br><\/p>\n\n\n\n<p class=\"has-palette-color-2-color has-text-color has-link-color wp-elements-5eb49071796cde536b438a23f48b3580\">&#8211; <strong>N\u00e9cessit\u00e9 de sortir du syst\u00e8me existant<\/strong><br>Cet axe permet de r\u00e9aliser que ne pas sortir du syst\u00e8me existant revient \u00e0 accepter son influence, ainsi que l\u2019absence de possibilit\u00e9 d\u2019\u00e9mergence de nouvelles formes d\u2019art, ce qui \u00e9quivaut \u00e0 accepter l\u2019absence d\u2019art.<br><\/p>\n\n\n\n<p class=\"has-palette-color-2-color has-text-color has-link-color wp-elements-a95dd267d165f994832cc4a275af1891\">&#8211; <strong>Mod\u00e8les \u00e9conomiques existant en dehors du domaine de l\u2019art<\/strong><br>Cet axe permet prendre connaissance de mod\u00e8les \u00e9conomiques alternatifs au syst\u00e8me dominant existant en dehors du domaine de l\u2019art et de voir en quoi ils peuvent \u00eatre inspirants pour les artistes.<br><\/p>\n\n\n\n<p class=\"has-palette-color-2-color has-text-color has-link-color wp-elements-4bb7f9c12cbaf7de24e86076e18dbe4a\">&#8211; <strong>Mod\u00e8les \u00e9conomiques dans l\u2019art parall\u00e8les au syst\u00e8me existant<\/strong><br>Dans cet axe, des artistes ayant d\u00e9velopp\u00e9 des \u00e9conomies alternatives au march\u00e9, aux subventions et au m\u00e9c\u00e9nat pr\u00e9sentent leurs mod\u00e8les \u00e9conomiques.<br><\/p>\n\n\n\n<p class=\"has-palette-color-2-color has-text-color has-link-color wp-elements-f739d2cb4fbb87b9d7fba4e14407947a\">&#8211; <strong>Incubateur de mod\u00e8les \u00e9conomiques adapt\u00e9s \u00e0 des pratiques affranchies des normes de l\u2019art<\/strong><br>Cet axe regroupe des ateliers permettant aux artistes d\u2019\u00e9laborer des mod\u00e8les \u00e9conomiques adapt\u00e9s \u00e0 leurs pratiques.<br><\/p>\n\n\n\n<p class=\"has-palette-color-2-color has-text-color has-link-color wp-elements-1365ce65bcfcad629a285469984d1168\">&#8211; <strong>Laboratoire de cr\u00e9ation de pratiques artistiques \u00e0 partir de mod\u00e8les \u00e9conomiques existant en dehors du domaine de l\u2019art<\/strong><br>Cet axe est compos\u00e9 d\u2019ateliers permettant de formuler des pratiques artistiques singuli\u00e8res \u00e0 partir de mod\u00e8les \u00e9conomiques existant en dehors du secteur de l\u2019art.<br><br>Votre contribution doit s\u2019inscrire dans un des axes mentionn\u00e9s.<br><br>Date limite de d\u00e9p\u00f4t de votre contribution : <strong>le 30 septembre 2024<\/strong><\/p>\n\n\n\n<div style=\"height:60px\" aria-hidden=\"true\" class=\"wp-block-spacer\"><\/div>\n\n\n\n<div class=\"wp-block-buttons is-content-justification-left is-nowrap is-layout-flex wp-container-core-buttons-layout-1 wp-block-buttons-is-layout-flex\">\n<div class=\"wp-block-button has-custom-font-size is-style-fill\" style=\"font-size:clamp(14px, 0.875rem + ((1vw - 3.2px) * 0.156), 16px);font-style:normal;font-weight:500;letter-spacing:0px;text-transform:uppercase\"><a class=\"wp-block-button__link has-base-color has-palette-color-2-background-color has-text-color has-background wp-element-button\" href=\"https:\/\/fomea.fr\/?page_id=42\" style=\"border-radius:0px;padding-top:24px;padding-right:48px;padding-bottom:24px;padding-left:48px\">deposer votre contribution<\/a><\/div>\n<\/div>\n<\/div>\n\n\n\n<div class=\"wp-block-group is-content-justification-right is-nowrap is-layout-flex wp-container-core-group-layout-3 wp-block-group-is-layout-flex\">\n<div class=\"wp-block-group wp-container-content-3 is-layout-flow wp-block-group-is-layout-flow\">\n<div style=\"height:8vw\" aria-hidden=\"true\" class=\"wp-block-spacer\"><\/div>\n<\/div>\n<\/div>\n<\/div>\n<\/div><\/div>\n\n\n\n<h1 class=\"wp-block-heading\">&#8211;<\/h1>\n","protected":false},"excerpt":{"rendered":"<p>&#8211;<\/p>\n","protected":false},"author":1,"featured_media":0,"parent":0,"menu_order":0,"comment_status":"closed","ping_status":"closed","template":"","meta":{"_monsterinsights_skip_tracking":false,"_monsterinsights_sitenote_active":false,"_monsterinsights_sitenote_note":"","_monsterinsights_sitenote_category":0,"footnotes":""},"blocksy_meta":[],"aioseo_notices":[],"yoast_head":"<!-- This site is optimized with the Yoast SEO plugin v21.8 - https:\/\/yoast.com\/wordpress\/plugins\/seo\/ -->\n<title>2024 - Fom\u00e9A<\/title>\n<meta name=\"robots\" content=\"index, follow, max-snippet:-1, max-image-preview:large, max-video-preview:-1\" \/>\n<link rel=\"canonical\" href=\"https:\/\/fomea.fr\/?page_id=46\" \/>\n<meta property=\"og:locale\" content=\"fr_FR\" \/>\n<meta property=\"og:type\" content=\"article\" \/>\n<meta property=\"og:title\" content=\"2024 - Fom\u00e9A\" \/>\n<meta property=\"og:description\" content=\"&#8211;\" \/>\n<meta property=\"og:url\" content=\"https:\/\/fomea.fr\/?page_id=46\" \/>\n<meta property=\"og:site_name\" content=\"Fom\u00e9A\" \/>\n<meta property=\"article:modified_time\" content=\"2024-05-22T04:32:43+00:00\" \/>\n<meta name=\"twitter:card\" content=\"summary_large_image\" \/>\n<meta name=\"twitter:label1\" content=\"Dur\u00e9e de lecture estim\u00e9e\" \/>\n\t<meta name=\"twitter:data1\" content=\"3 minutes\" \/>\n<script type=\"application\/ld+json\" class=\"yoast-schema-graph\">{\"@context\":\"https:\/\/schema.org\",\"@graph\":[{\"@type\":\"WebPage\",\"@id\":\"https:\/\/fomea.fr\/?page_id=46\",\"url\":\"https:\/\/fomea.fr\/?page_id=46\",\"name\":\"2024 - Fom\u00e9A\",\"isPartOf\":{\"@id\":\"https:\/\/fomea.fr\/#website\"},\"datePublished\":\"2024-01-16T13:41:36+00:00\",\"dateModified\":\"2024-05-22T04:32:43+00:00\",\"breadcrumb\":{\"@id\":\"https:\/\/fomea.fr\/?page_id=46#breadcrumb\"},\"inLanguage\":\"fr-FR\",\"potentialAction\":[{\"@type\":\"ReadAction\",\"target\":[\"https:\/\/fomea.fr\/?page_id=46\"]}]},{\"@type\":\"BreadcrumbList\",\"@id\":\"https:\/\/fomea.fr\/?page_id=46#breadcrumb\",\"itemListElement\":[{\"@type\":\"ListItem\",\"position\":1,\"name\":\"Accueil\",\"item\":\"https:\/\/fomea.fr\/\"},{\"@type\":\"ListItem\",\"position\":2,\"name\":\"2024\"}]},{\"@type\":\"WebSite\",\"@id\":\"https:\/\/fomea.fr\/#website\",\"url\":\"https:\/\/fomea.fr\/\",\"name\":\"Fom\u00e9A\",\"description\":\"Forum mondial des \u00e9conomies de l&#039;Art\",\"potentialAction\":[{\"@type\":\"SearchAction\",\"target\":{\"@type\":\"EntryPoint\",\"urlTemplate\":\"https:\/\/fomea.fr\/?s={search_term_string}\"},\"query-input\":\"required name=search_term_string\"}],\"inLanguage\":\"fr-FR\"}]}<\/script>\n<!-- \/ Yoast SEO plugin. -->","yoast_head_json":{"title":"2024 - Fom\u00e9A","robots":{"index":"index","follow":"follow","max-snippet":"max-snippet:-1","max-image-preview":"max-image-preview:large","max-video-preview":"max-video-preview:-1"},"canonical":"https:\/\/fomea.fr\/?page_id=46","og_locale":"fr_FR","og_type":"article","og_title":"2024 - Fom\u00e9A","og_description":"&#8211;","og_url":"https:\/\/fomea.fr\/?page_id=46","og_site_name":"Fom\u00e9A","article_modified_time":"2024-05-22T04:32:43+00:00","twitter_card":"summary_large_image","twitter_misc":{"Dur\u00e9e de lecture estim\u00e9e":"3 minutes"},"schema":{"@context":"https:\/\/schema.org","@graph":[{"@type":"WebPage","@id":"https:\/\/fomea.fr\/?page_id=46","url":"https:\/\/fomea.fr\/?page_id=46","name":"2024 - Fom\u00e9A","isPartOf":{"@id":"https:\/\/fomea.fr\/#website"},"datePublished":"2024-01-16T13:41:36+00:00","dateModified":"2024-05-22T04:32:43+00:00","breadcrumb":{"@id":"https:\/\/fomea.fr\/?page_id=46#breadcrumb"},"inLanguage":"fr-FR","potentialAction":[{"@type":"ReadAction","target":["https:\/\/fomea.fr\/?page_id=46"]}]},{"@type":"BreadcrumbList","@id":"https:\/\/fomea.fr\/?page_id=46#breadcrumb","itemListElement":[{"@type":"ListItem","position":1,"name":"Accueil","item":"https:\/\/fomea.fr\/"},{"@type":"ListItem","position":2,"name":"2024"}]},{"@type":"WebSite","@id":"https:\/\/fomea.fr\/#website","url":"https:\/\/fomea.fr\/","name":"Fom\u00e9A","description":"Forum mondial des \u00e9conomies de l&#039;Art","potentialAction":[{"@type":"SearchAction","target":{"@type":"EntryPoint","urlTemplate":"https:\/\/fomea.fr\/?s={search_term_string}"},"query-input":"required name=search_term_string"}],"inLanguage":"fr-FR"}]}},"_links":{"self":[{"href":"https:\/\/fomea.fr\/index.php?rest_route=\/wp\/v2\/pages\/46"}],"collection":[{"href":"https:\/\/fomea.fr\/index.php?rest_route=\/wp\/v2\/pages"}],"about":[{"href":"https:\/\/fomea.fr\/index.php?rest_route=\/wp\/v2\/types\/page"}],"author":[{"embeddable":true,"href":"https:\/\/fomea.fr\/index.php?rest_route=\/wp\/v2\/users\/1"}],"replies":[{"embeddable":true,"href":"https:\/\/fomea.fr\/index.php?rest_route=%2Fwp%2Fv2%2Fcomments&post=46"}],"version-history":[{"count":27,"href":"https:\/\/fomea.fr\/index.php?rest_route=\/wp\/v2\/pages\/46\/revisions"}],"predecessor-version":[{"id":464,"href":"https:\/\/fomea.fr\/index.php?rest_route=\/wp\/v2\/pages\/46\/revisions\/464"}],"wp:attachment":[{"href":"https:\/\/fomea.fr\/index.php?rest_route=%2Fwp%2Fv2%2Fmedia&parent=46"}],"curies":[{"name":"wp","href":"https:\/\/api.w.org\/{rel}","templated":true}]}}